{"id":2115,"date":"2025-06-09T10:05:09","date_gmt":"2025-06-09T13:05:09","guid":{"rendered":"https:\/\/online.olinda.pe.gov.br\/site\/?page_id=2115"},"modified":"2025-06-10T14:44:32","modified_gmt":"2025-06-10T17:44:32","slug":"conferenciamunicipalolinda","status":"publish","type":"page","link":"https:\/\/online.olinda.pe.gov.br\/site\/conferenciamunicipalolinda\/","title":{"rendered":"Confer\u00eancia Municipal Olinda"},"content":{"rendered":"\t\t<div data-elementor-type=\"wp-page\" data-elementor-id=\"2115\" class=\"elementor elementor-2115\" data-elementor-post-type=\"page\">\n\t\t\t\t<div class=\"elementor-element elementor-element-8534904 e-flex e-con-boxed e-con e-parent\" data-id=\"8534904\" data-element_type=\"container\" data-e-type=\"container\" data-settings=\"{&quot;background_background&quot;:&quot;classic&quot;,&quot;jet_parallax_layout_list&quot;:[{&quot;_id&quot;:&quot;6e7e5e6&quot;,&quot;jet_parallax_layout_image&quot;:{&quot;url&quot;:&quot;https:\\\/\\\/online.olinda.pe.gov.br\\\/autismo\\\/wp-content\\\/uploads\\\/2024\\\/04\\\/logoautismo-2.png&quot;,&quot;id&quot;:72,&quot;size&quot;:&quot;&quot;,&quot;alt&quot;:&quot;&quot;,&quot;source&quot;:&quot;library&quot;},&quot;jet_parallax_layout_speed&quot;:{&quot;unit&quot;:&quot;%&quot;,&quot;size&quot;:80,&quot;sizes&quot;:[]},&quot;jet_parallax_layout_z_index&quot;:10,&quot;jet_parallax_layout_bg_x&quot;:96,&quot;jet_parallax_layout_bg_y&quot;:40,&quot;jet_parallax_layout_animation_prop&quot;:&quot;transform3d&quot;,&quot;jet_parallax_layout_image_tablet&quot;:{&quot;url&quot;:&quot;&quot;,&quot;id&quot;:&quot;&quot;,&quot;size&quot;:&quot;&quot;},&quot;jet_parallax_layout_image_mobile&quot;:{&quot;url&quot;:&quot;&quot;,&quot;id&quot;:&quot;&quot;,&quot;size&quot;:&quot;&quot;},&quot;jet_parallax_layout_type&quot;:&quot;scroll&quot;,&quot;jet_parallax_layout_direction&quot;:&quot;1&quot;,&quot;jet_parallax_layout_fx_direction&quot;:null,&quot;jet_parallax_layout_bg_x_tablet&quot;:&quot;&quot;,&quot;jet_parallax_layout_bg_x_mobile&quot;:&quot;&quot;,&quot;jet_parallax_layout_bg_y_tablet&quot;:&quot;&quot;,&quot;jet_parallax_layout_bg_y_mobile&quot;:&quot;&quot;,&quot;jet_parallax_layout_bg_size&quot;:&quot;auto&quot;,&quot;jet_parallax_layout_bg_size_tablet&quot;:&quot;&quot;,&quot;jet_parallax_layout_bg_size_mobile&quot;:&quot;&quot;,&quot;jet_parallax_layout_on&quot;:[&quot;desktop&quot;,&quot;tablet&quot;]}],&quot;shape_divider_bottom&quot;:&quot;mountains&quot;}\">\n\t\t\t\t\t<div class=\"e-con-inner\">\n\t\t\t\t<div class=\"elementor-shape elementor-shape-bottom\" aria-hidden=\"true\" data-negative=\"false\">\n\t\t\t<svg xmlns=\"http:\/\/www.w3.org\/2000\/svg\" viewBox=\"0 0 1000 100\" preserveAspectRatio=\"none\">\n\t<path class=\"elementor-shape-fill\" opacity=\"0.33\" d=\"M473,67.3c-203.9,88.3-263.1-34-320.3,0C66,119.1,0,59.7,0,59.7V0h1000v59.7 c0,0-62.1,26.1-94.9,29.3c-32.8,3.3-62.8-12.3-75.8-22.1C806,49.6,745.3,8.7,694.9,4.7S492.4,59,473,67.3z\"\/>\n\t<path class=\"elementor-shape-fill\" opacity=\"0.66\" d=\"M734,67.3c-45.5,0-77.2-23.2-129.1-39.1c-28.6-8.7-150.3-10.1-254,39.1 s-91.7-34.4-149.2,0C115.7,118.3,0,39.8,0,39.8V0h1000v36.5c0,0-28.2-18.5-92.1-18.5C810.2,18.1,775.7,67.3,734,67.3z\"\/>\n\t<path class=\"elementor-shape-fill\" d=\"M766.1,28.9c-200-57.5-266,65.5-395.1,19.5C242,1.8,242,5.4,184.8,20.6C128,35.8,132.3,44.9,89.9,52.5C28.6,63.7,0,0,0,0 h1000c0,0-9.9,40.9-83.6,48.1S829.6,47,766.1,28.9z\"\/>\n<\/svg>\t\t<\/div>\n\t\t\t\t<div class=\"elementor-element elementor-element-b8f7ffd elementor-widget elementor-widget-heading\" data-id=\"b8f7ffd\" data-element_type=\"widget\" data-e-type=\"widget\" data-widget_type=\"heading.default\">\n\t\t\t\t<div class=\"elementor-widget-container\">\n\t\t\t\t\t<h2 class=\"elementor-heading-title elementor-size-default\">6\u00aa Confer\u00eancia Municipal da Cidade de Olinda<\/h2>\t\t\t\t<\/div>\n\t\t\t\t<\/div>\n\t\t\t\t<div class=\"elementor-element elementor-element-6beae17 elementor-widget elementor-widget-text-editor\" data-id=\"6beae17\" data-element_type=\"widget\" data-e-type=\"widget\" data-widget_type=\"text-editor.default\">\n\t\t\t\t<div class=\"elementor-widget-container\">\n\t\t\t\t\t\t\t\t\tA <strong>6\u00aa Confer\u00eancia Municipal da Cidade de Olinda<\/strong>, convocada por meio da Portaria SEMAPU N\u00ba 9 de 05 de junho de 2025, <strong>ser\u00e1 realizada nos dias 26 e 27 de junho<\/strong> <strong>de 2025<\/strong>, na unidade da <strong>UNINASSAU do Shopping Patteo Olinda<\/strong>, situado \u00e0 Rua Carmelita Muniz de Ara\u00fajo, n\u00ba 225, Casa Caiada, Olinda-PE, com o tema: \u201cConstruindo a Pol\u00edtica Nacional de Desenvolvimento Urbano: caminhos para cidades inclusivas, democr\u00e1ticas, sustent\u00e1veis e com justi\u00e7a social\u201d.\nAs inscri\u00e7\u00f5es dever\u00e3o ser feitas, preferencialmente, de forma virtual no per\u00edodo de <strong>11 a 18 de junho de 2025<\/strong> ou presencialmente no dia de abertura do evento das <strong>13:00 \u00e0s 14:00h.<\/strong>\n\nRecomenda-se que as pessoas com defici\u00eancia ou alguma necessidade especial, realizem suas inscri\u00e7\u00f5es pelo site, a fim de que a Prefeitura de Olinda possa fornecer as condi\u00e7\u00f5es necess\u00e1rias para sua participa\u00e7\u00e3o no evento.\nOs crach\u00e1s ser\u00e3o entregues no primeiro dia da Confer\u00eancia, mediante apresenta\u00e7\u00e3o do comprovante de inscri\u00e7\u00e3o e documento de identidade. As pessoas que quiserem se cadastrar e participar da Confer\u00eancia na condi\u00e7\u00e3o de delegadas ou delegados dever\u00e3o pertencer a um dos segmentos previstos no<strong> Art. 14 da Portaria MCID N\u00ba 175, de 28 de fevereiro de 2024, <\/strong>apresentando, ainda, documento que comprove sua vincula\u00e7\u00e3o \u00e0 entidade que representar\u00e1.\nMaiores informa\u00e7\u00f5es poder\u00e3o ser obtidas pelo e-mail: <strong>dpu.olinda@gmail.com<\/strong>\t\t\t\t\t\t\t\t<\/div>\n\t\t\t\t<\/div>\n\t\t\t\t<div class=\"elementor-element elementor-element-f659afc elementor-widget elementor-widget-heading\" data-id=\"f659afc\" data-element_type=\"widget\" data-e-type=\"widget\" data-widget_type=\"heading.default\">\n\t\t\t\t<div class=\"elementor-widget-container\">\n\t\t\t\t\t<p class=\"elementor-heading-title elementor-size-default\">Fa\u00e7a sua inscri\u00e7\u00f5es abaixo:<\/p>\t\t\t\t<\/div>\n\t\t\t\t<\/div>\n\t\t\t\t<div class=\"elementor-element elementor-element-db0aa90 elementor-widget elementor-widget-shortcode\" data-id=\"db0aa90\" data-element_type=\"widget\" data-e-type=\"widget\" data-widget_type=\"shortcode.default\">\n\t\t\t\t<div class=\"elementor-widget-container\">\n\t\t\t\t\t\t\t<div class=\"elementor-shortcode\">\n\n<\/div>\n\t\t\t\t\t\t<\/div>\n\t\t\t\t<\/div>\n\t\t\t\t\t<\/div>\n\t\t\t\t<\/div>\n\t\t<div class=\"elementor-element elementor-element-9527080 e-flex e-con-boxed e-con e-parent\" data-id=\"9527080\" data-element_type=\"container\" data-e-type=\"container\" data-settings=\"{&quot;background_background&quot;:&quot;classic&quot;,&quot;jet_parallax_layout_list&quot;:[]}\">\n\t\t\t\t\t<div class=\"e-con-inner\">\n\t\t\t\t<div class=\"elementor-element elementor-element-91de371 elementor-widget__width-auto elementor-widget elementor-widget-image\" data-id=\"91de371\" data-element_type=\"widget\" data-e-type=\"widget\" data-widget_type=\"image.default\">\n\t\t\t\t<div class=\"elementor-widget-container\">\n\t\t\t\t\t\t\t\t\t\t\t\t\t\t\t\t<a href=\"https:\/\/www.olinda.pe.gov.br\/\" target=\"_blank\">\n\t\t\t\t\t\t\t<img decoding=\"async\" src=\"https:\/\/online.olinda.pe.gov.br\/site\/wp-content\/uploads\/elementor\/thumbs\/Logos-r723b7f2s2uskl29ec3p6zupacgw25nuc7dvgf1n9o.png\" title=\"Logos\" alt=\"Logos\" loading=\"lazy\" \/>\t\t\t\t\t\t\t\t<\/a>\n\t\t\t\t\t\t\t\t\t\t\t\t\t\t\t<\/div>\n\t\t\t\t<\/div>\n\t\t\t\t<div class=\"elementor-element elementor-element-1ced9c6 elementor-widget elementor-widget-heading\" data-id=\"1ced9c6\" data-element_type=\"widget\" data-e-type=\"widget\" data-widget_type=\"heading.default\">\n\t\t\t\t<div class=\"elementor-widget-container\">\n\t\t\t\t\t<p class=\"elementor-heading-title elementor-size-default\">Desenvolvido pela Secretaria de Comunica\u00e7\u00e3o de Olinda <\/p>\t\t\t\t<\/div>\n\t\t\t\t<\/div>\n\t\t\t\t\t<\/div>\n\t\t\t\t<\/div>\n\t\t\t\t<\/div>\n\t\t","protected":false},"excerpt":{"rendered":"<p>6\u00aa Confer\u00eancia Municipal da Cidade de Olinda A 6\u00aa Confer\u00eancia Municipal da Cidade de Olinda, convocada por meio da Portaria SEMAPU N\u00ba 9 de 05 de junho de 2025, ser\u00e1 realizada nos dias 26 e 27 de junho de 2025, na unidade da UNINASSAU do Shopping Patteo Olinda, situado \u00e0 Rua Carmelita Muniz de Ara\u00fajo, [&hellip;]<\/p>\n","protected":false},"author":1,"featured_media":0,"parent":0,"menu_order":0,"comment_status":"closed","ping_status":"closed","template":"elementor_canvas","meta":{"footnotes":""},"class_list":["post-2115","page","type-page","status-publish","hentry"],"_links":{"self":[{"href":"https:\/\/online.olinda.pe.gov.br\/site\/wp-json\/wp\/v2\/pages\/2115","targetHints":{"allow":["GET"]}}],"collection":[{"href":"https:\/\/online.olinda.pe.gov.br\/site\/wp-json\/wp\/v2\/pages"}],"about":[{"href":"https:\/\/online.olinda.pe.gov.br\/site\/wp-json\/wp\/v2\/types\/page"}],"author":[{"embeddable":true,"href":"https:\/\/online.olinda.pe.gov.br\/site\/wp-json\/wp\/v2\/users\/1"}],"replies":[{"embeddable":true,"href":"https:\/\/online.olinda.pe.gov.br\/site\/wp-json\/wp\/v2\/comments?post=2115"}],"version-history":[{"count":35,"href":"https:\/\/online.olinda.pe.gov.br\/site\/wp-json\/wp\/v2\/pages\/2115\/revisions"}],"predecessor-version":[{"id":2656,"href":"https:\/\/online.olinda.pe.gov.br\/site\/wp-json\/wp\/v2\/pages\/2115\/revisions\/2656"}],"wp:attachment":[{"href":"https:\/\/online.olinda.pe.gov.br\/site\/wp-json\/wp\/v2\/media?parent=2115"}],"curies":[{"name":"wp","href":"https:\/\/api.w.org\/{rel}","templated":true}]}}