{"id":3111,"date":"2025-07-29T17:34:09","date_gmt":"2025-07-29T20:34:09","guid":{"rendered":"https:\/\/online.olinda.pe.gov.br\/site\/?page_id=3111"},"modified":"2025-07-29T17:57:46","modified_gmt":"2025-07-29T20:57:46","slug":"ldo-2026","status":"publish","type":"page","link":"https:\/\/online.olinda.pe.gov.br\/site\/ldo-2026\/","title":{"rendered":"LDO\u00a02026"},"content":{"rendered":"\t\t<div data-elementor-type=\"wp-page\" data-elementor-id=\"3111\" class=\"elementor elementor-3111\" data-elementor-post-type=\"page\">\n\t\t\t\t<div class=\"elementor-element elementor-element-0f3fcc8 e-flex e-con-boxed e-con e-parent\" data-id=\"0f3fcc8\" data-element_type=\"container\" data-e-type=\"container\" data-settings=\"{&quot;background_background&quot;:&quot;classic&quot;,&quot;jet_parallax_layout_list&quot;:[{&quot;_id&quot;:&quot;6e7e5e6&quot;,&quot;jet_parallax_layout_image&quot;:{&quot;url&quot;:&quot;https:\\\/\\\/online.olinda.pe.gov.br\\\/autismo\\\/wp-content\\\/uploads\\\/2024\\\/04\\\/logoautismo-2.png&quot;,&quot;id&quot;:72,&quot;size&quot;:&quot;&quot;,&quot;alt&quot;:&quot;&quot;,&quot;source&quot;:&quot;library&quot;},&quot;jet_parallax_layout_speed&quot;:{&quot;unit&quot;:&quot;%&quot;,&quot;size&quot;:80,&quot;sizes&quot;:[]},&quot;jet_parallax_layout_z_index&quot;:10,&quot;jet_parallax_layout_bg_x&quot;:96,&quot;jet_parallax_layout_bg_y&quot;:40,&quot;jet_parallax_layout_animation_prop&quot;:&quot;transform3d&quot;,&quot;jet_parallax_layout_image_tablet&quot;:{&quot;url&quot;:&quot;&quot;,&quot;id&quot;:&quot;&quot;,&quot;size&quot;:&quot;&quot;},&quot;jet_parallax_layout_image_mobile&quot;:{&quot;url&quot;:&quot;&quot;,&quot;id&quot;:&quot;&quot;,&quot;size&quot;:&quot;&quot;},&quot;jet_parallax_layout_type&quot;:&quot;scroll&quot;,&quot;jet_parallax_layout_direction&quot;:&quot;1&quot;,&quot;jet_parallax_layout_fx_direction&quot;:null,&quot;jet_parallax_layout_bg_x_tablet&quot;:&quot;&quot;,&quot;jet_parallax_layout_bg_x_mobile&quot;:&quot;&quot;,&quot;jet_parallax_layout_bg_y_tablet&quot;:&quot;&quot;,&quot;jet_parallax_layout_bg_y_mobile&quot;:&quot;&quot;,&quot;jet_parallax_layout_bg_size&quot;:&quot;auto&quot;,&quot;jet_parallax_layout_bg_size_tablet&quot;:&quot;&quot;,&quot;jet_parallax_layout_bg_size_mobile&quot;:&quot;&quot;,&quot;jet_parallax_layout_on&quot;:[&quot;desktop&quot;,&quot;tablet&quot;]}],&quot;shape_divider_bottom&quot;:&quot;mountains&quot;}\">\n\t\t\t\t\t<div class=\"e-con-inner\">\n\t\t\t\t<div class=\"elementor-shape elementor-shape-bottom\" aria-hidden=\"true\" data-negative=\"false\">\n\t\t\t<svg xmlns=\"http:\/\/www.w3.org\/2000\/svg\" viewBox=\"0 0 1000 100\" preserveAspectRatio=\"none\">\n\t<path class=\"elementor-shape-fill\" opacity=\"0.33\" d=\"M473,67.3c-203.9,88.3-263.1-34-320.3,0C66,119.1,0,59.7,0,59.7V0h1000v59.7 c0,0-62.1,26.1-94.9,29.3c-32.8,3.3-62.8-12.3-75.8-22.1C806,49.6,745.3,8.7,694.9,4.7S492.4,59,473,67.3z\"\/>\n\t<path class=\"elementor-shape-fill\" opacity=\"0.66\" d=\"M734,67.3c-45.5,0-77.2-23.2-129.1-39.1c-28.6-8.7-150.3-10.1-254,39.1 s-91.7-34.4-149.2,0C115.7,118.3,0,39.8,0,39.8V0h1000v36.5c0,0-28.2-18.5-92.1-18.5C810.2,18.1,775.7,67.3,734,67.3z\"\/>\n\t<path class=\"elementor-shape-fill\" d=\"M766.1,28.9c-200-57.5-266,65.5-395.1,19.5C242,1.8,242,5.4,184.8,20.6C128,35.8,132.3,44.9,89.9,52.5C28.6,63.7,0,0,0,0 h1000c0,0-9.9,40.9-83.6,48.1S829.6,47,766.1,28.9z\"\/>\n<\/svg>\t\t<\/div>\n\t\t\t\t<div class=\"elementor-element elementor-element-e860bfd elementor-widget elementor-widget-image\" data-id=\"e860bfd\" data-element_type=\"widget\" data-e-type=\"widget\" data-widget_type=\"image.default\">\n\t\t\t\t<div class=\"elementor-widget-container\">\n\t\t\t\t\t\t\t\t\t\t\t\t\t\t\t<img decoding=\"async\" src=\"https:\/\/online.olinda.pe.gov.br\/site\/wp-content\/uploads\/elementor\/thumbs\/logo-Clorida-r5p72fojgjr69bf4zvwlp29uzlmbhxzu8wrd8uvaf6.png\" title=\"logo &#8211; Clorida\" alt=\"logo - Clorida\" loading=\"lazy\" \/>\t\t\t\t\t\t\t\t\t\t\t\t\t\t\t<\/div>\n\t\t\t\t<\/div>\n\t\t\t\t<div class=\"elementor-element elementor-element-b0aa46b elementor-widget elementor-widget-text-editor\" data-id=\"b0aa46b\" data-element_type=\"widget\" data-e-type=\"widget\" data-widget_type=\"text-editor.default\">\n\t\t\t\t<div class=\"elementor-widget-container\">\n\t\t\t\t\t\t\t\t\t<h3 data-section-id=\"1br0rqq\" data-start=\"241\" data-end=\"298\">\ud83d\udce2 <strong data-start=\"248\" data-end=\"298\">Participe da constru\u00e7\u00e3o da LDO 2026 de Olinda!<\/strong><\/h3><p data-start=\"300\" data-end=\"417\">A Prefeitura de Olinda convida voc\u00ea a colaborar com a defini\u00e7\u00e3o das <strong data-start=\"368\" data-end=\"416\">prioridades para o desenvolvimento da cidade<\/strong>.<\/p><p data-start=\"419\" data-end=\"628\">A <strong data-start=\"421\" data-end=\"462\">Lei de Diretrizes Or\u00e7ament\u00e1rias (LDO)<\/strong> orienta o or\u00e7amento do pr\u00f3ximo ano. Com ela, decidimos juntos onde investir os recursos p\u00fablicos, promovendo mais <strong data-start=\"577\" data-end=\"627\">transpar\u00eancia, participa\u00e7\u00e3o e responsabilidade<\/strong>.<\/p><p data-start=\"630\" data-end=\"659\">\ud83d\udde3\ufe0f <strong data-start=\"634\" data-end=\"657\">Por que participar?<\/strong><\/p><ul data-start=\"660\" data-end=\"828\"><li data-start=\"660\" data-end=\"726\"><p data-start=\"662\" data-end=\"726\">Voc\u00ea ajuda a escolher o que \u00e9 mais importante para o munic\u00edpio<\/p><\/li><li data-start=\"727\" data-end=\"781\"><p data-start=\"729\" data-end=\"781\">Contribui para um or\u00e7amento mais justo e eficiente<\/p><\/li><li data-start=\"782\" data-end=\"828\"><p data-start=\"784\" data-end=\"828\">Aprende como funciona o planejamento p\u00fablico<\/p><\/li><\/ul><p data-start=\"830\" data-end=\"999\">\ud83d\udccd <strong data-start=\"833\" data-end=\"854\">Audi\u00eancia P\u00fablica<\/strong><br data-start=\"854\" data-end=\"857\" \/>Essa \u00e9 a oportunidade de opinar sobre as \u00e1reas que voc\u00ea considera mais importantes, como sa\u00fade, educa\u00e7\u00e3o, cultura, infraestrutura e seguran\u00e7a.<\/p><p data-start=\"1001\" data-end=\"1053\">\ud83d\udc49 <strong data-start=\"1004\" data-end=\"1053\">Sua voz importa. Sua participa\u00e7\u00e3o transforma.<\/strong><\/p>\t\t\t\t\t\t\t\t<\/div>\n\t\t\t\t<\/div>\n\t\t\t\t<div class=\"elementor-element elementor-element-f1d1881 elementor-widget elementor-widget-heading\" data-id=\"f1d1881\" data-element_type=\"widget\" data-e-type=\"widget\" data-widget_type=\"heading.default\">\n\t\t\t\t<div class=\"elementor-widget-container\">\n\t\t\t\t\t<p class=\"elementor-heading-title elementor-size-default\">Preencha o formul\u00e1rio abaixo:<\/p>\t\t\t\t<\/div>\n\t\t\t\t<\/div>\n\t\t\t\t<div class=\"elementor-element elementor-element-ab41d42 elementor-widget elementor-widget-shortcode\" data-id=\"ab41d42\" data-element_type=\"widget\" data-e-type=\"widget\" data-widget_type=\"shortcode.default\">\n\t\t\t\t<div class=\"elementor-widget-container\">\n\t\t\t\t\t\t\t<div class=\"elementor-shortcode\">\n\n<\/div>\n\t\t\t\t\t\t<\/div>\n\t\t\t\t<\/div>\n\t\t\t\t\t<\/div>\n\t\t\t\t<\/div>\n\t\t<div class=\"elementor-element elementor-element-c199a69 e-flex e-con-boxed e-con e-parent\" data-id=\"c199a69\" data-element_type=\"container\" data-e-type=\"container\" data-settings=\"{&quot;background_background&quot;:&quot;classic&quot;,&quot;jet_parallax_layout_list&quot;:[]}\">\n\t\t\t\t\t<div class=\"e-con-inner\">\n\t\t\t\t<div class=\"elementor-element elementor-element-3fe00bb elementor-widget__width-auto elementor-widget elementor-widget-image\" data-id=\"3fe00bb\" data-element_type=\"widget\" data-e-type=\"widget\" data-widget_type=\"image.default\">\n\t\t\t\t<div class=\"elementor-widget-container\">\n\t\t\t\t\t\t\t\t\t\t\t\t\t\t\t\t<a href=\"https:\/\/www.olinda.pe.gov.br\/\" target=\"_blank\">\n\t\t\t\t\t\t\t<img decoding=\"async\" src=\"https:\/\/online.olinda.pe.gov.br\/site\/wp-content\/uploads\/elementor\/thumbs\/logo-Monobranca-r9hlj5lc33r9jfde43gc9kni0po3f8bhsfp8jw9j0i.png\" title=\"logo &#8211; Monobranca\" alt=\"logo - Monobranca\" loading=\"lazy\" \/>\t\t\t\t\t\t\t\t<\/a>\n\t\t\t\t\t\t\t\t\t\t\t\t\t\t\t<\/div>\n\t\t\t\t<\/div>\n\t\t\t\t<div class=\"elementor-element elementor-element-63d13f3 elementor-widget elementor-widget-heading\" data-id=\"63d13f3\" data-element_type=\"widget\" data-e-type=\"widget\" data-widget_type=\"heading.default\">\n\t\t\t\t<div class=\"elementor-widget-container\">\n\t\t\t\t\t<p class=\"elementor-heading-title elementor-size-default\">Desenvolvido pela Secretaria de Comunica\u00e7\u00e3o de Olinda <\/p>\t\t\t\t<\/div>\n\t\t\t\t<\/div>\n\t\t\t\t\t<\/div>\n\t\t\t\t<\/div>\n\t\t\t\t<\/div>\n\t\t","protected":false},"excerpt":{"rendered":"<p>\ud83d\udce2 Participe da constru\u00e7\u00e3o da LDO 2026 de Olinda! A Prefeitura de Olinda convida voc\u00ea a colaborar com a defini\u00e7\u00e3o das prioridades para o desenvolvimento da cidade. A Lei de Diretrizes Or\u00e7ament\u00e1rias (LDO) orienta o or\u00e7amento do pr\u00f3ximo ano. Com ela, decidimos juntos onde investir os recursos p\u00fablicos, promovendo mais transpar\u00eancia, participa\u00e7\u00e3o e responsabilidade. \ud83d\udde3\ufe0f [&hellip;]<\/p>\n","protected":false},"author":1,"featured_media":0,"parent":0,"menu_order":0,"comment_status":"closed","ping_status":"closed","template":"elementor_canvas","meta":{"footnotes":""},"class_list":["post-3111","page","type-page","status-publish","hentry"],"_links":{"self":[{"href":"https:\/\/online.olinda.pe.gov.br\/site\/wp-json\/wp\/v2\/pages\/3111","targetHints":{"allow":["GET"]}}],"collection":[{"href":"https:\/\/online.olinda.pe.gov.br\/site\/wp-json\/wp\/v2\/pages"}],"about":[{"href":"https:\/\/online.olinda.pe.gov.br\/site\/wp-json\/wp\/v2\/types\/page"}],"author":[{"embeddable":true,"href":"https:\/\/online.olinda.pe.gov.br\/site\/wp-json\/wp\/v2\/users\/1"}],"replies":[{"embeddable":true,"href":"https:\/\/online.olinda.pe.gov.br\/site\/wp-json\/wp\/v2\/comments?post=3111"}],"version-history":[{"count":31,"href":"https:\/\/online.olinda.pe.gov.br\/site\/wp-json\/wp\/v2\/pages\/3111\/revisions"}],"predecessor-version":[{"id":3145,"href":"https:\/\/online.olinda.pe.gov.br\/site\/wp-json\/wp\/v2\/pages\/3111\/revisions\/3145"}],"wp:attachment":[{"href":"https:\/\/online.olinda.pe.gov.br\/site\/wp-json\/wp\/v2\/media?parent=3111"}],"curies":[{"name":"wp","href":"https:\/\/api.w.org\/{rel}","templated":true}]}}