{"id":4460,"date":"2025-09-23T12:35:09","date_gmt":"2025-09-23T15:35:09","guid":{"rendered":"https:\/\/online.olinda.pe.gov.br\/site\/?page_id=4460"},"modified":"2025-09-23T13:07:09","modified_gmt":"2025-09-23T16:07:09","slug":"ppa-2026","status":"publish","type":"page","link":"https:\/\/online.olinda.pe.gov.br\/site\/ppa-2026\/","title":{"rendered":"PPA 2026"},"content":{"rendered":"\t\t<div data-elementor-type=\"wp-page\" data-elementor-id=\"4460\" class=\"elementor elementor-4460\" data-elementor-post-type=\"page\">\n\t\t\t\t<div class=\"elementor-element elementor-element-9b5a5b6 e-flex e-con-boxed e-con e-parent\" data-id=\"9b5a5b6\" data-element_type=\"container\" data-e-type=\"container\" data-settings=\"{&quot;background_background&quot;:&quot;classic&quot;,&quot;jet_parallax_layout_list&quot;:[{&quot;_id&quot;:&quot;6e7e5e6&quot;,&quot;jet_parallax_layout_image&quot;:{&quot;url&quot;:&quot;https:\\\/\\\/online.olinda.pe.gov.br\\\/autismo\\\/wp-content\\\/uploads\\\/2024\\\/04\\\/logoautismo-2.png&quot;,&quot;id&quot;:72,&quot;size&quot;:&quot;&quot;,&quot;alt&quot;:&quot;&quot;,&quot;source&quot;:&quot;library&quot;},&quot;jet_parallax_layout_speed&quot;:{&quot;unit&quot;:&quot;%&quot;,&quot;size&quot;:80,&quot;sizes&quot;:[]},&quot;jet_parallax_layout_z_index&quot;:10,&quot;jet_parallax_layout_bg_x&quot;:96,&quot;jet_parallax_layout_bg_y&quot;:40,&quot;jet_parallax_layout_animation_prop&quot;:&quot;transform3d&quot;,&quot;jet_parallax_layout_image_tablet&quot;:{&quot;url&quot;:&quot;&quot;,&quot;id&quot;:&quot;&quot;,&quot;size&quot;:&quot;&quot;},&quot;jet_parallax_layout_image_mobile&quot;:{&quot;url&quot;:&quot;&quot;,&quot;id&quot;:&quot;&quot;,&quot;size&quot;:&quot;&quot;},&quot;jet_parallax_layout_type&quot;:&quot;scroll&quot;,&quot;jet_parallax_layout_direction&quot;:&quot;1&quot;,&quot;jet_parallax_layout_fx_direction&quot;:null,&quot;jet_parallax_layout_bg_x_tablet&quot;:&quot;&quot;,&quot;jet_parallax_layout_bg_x_mobile&quot;:&quot;&quot;,&quot;jet_parallax_layout_bg_y_tablet&quot;:&quot;&quot;,&quot;jet_parallax_layout_bg_y_mobile&quot;:&quot;&quot;,&quot;jet_parallax_layout_bg_size&quot;:&quot;auto&quot;,&quot;jet_parallax_layout_bg_size_tablet&quot;:&quot;&quot;,&quot;jet_parallax_layout_bg_size_mobile&quot;:&quot;&quot;,&quot;jet_parallax_layout_on&quot;:[&quot;desktop&quot;,&quot;tablet&quot;]}],&quot;shape_divider_bottom&quot;:&quot;mountains&quot;}\">\n\t\t\t\t\t<div class=\"e-con-inner\">\n\t\t\t\t<div class=\"elementor-shape elementor-shape-bottom\" aria-hidden=\"true\" data-negative=\"false\">\n\t\t\t<svg xmlns=\"http:\/\/www.w3.org\/2000\/svg\" viewBox=\"0 0 1000 100\" preserveAspectRatio=\"none\">\n\t<path class=\"elementor-shape-fill\" opacity=\"0.33\" d=\"M473,67.3c-203.9,88.3-263.1-34-320.3,0C66,119.1,0,59.7,0,59.7V0h1000v59.7 c0,0-62.1,26.1-94.9,29.3c-32.8,3.3-62.8-12.3-75.8-22.1C806,49.6,745.3,8.7,694.9,4.7S492.4,59,473,67.3z\"\/>\n\t<path class=\"elementor-shape-fill\" opacity=\"0.66\" d=\"M734,67.3c-45.5,0-77.2-23.2-129.1-39.1c-28.6-8.7-150.3-10.1-254,39.1 s-91.7-34.4-149.2,0C115.7,118.3,0,39.8,0,39.8V0h1000v36.5c0,0-28.2-18.5-92.1-18.5C810.2,18.1,775.7,67.3,734,67.3z\"\/>\n\t<path class=\"elementor-shape-fill\" d=\"M766.1,28.9c-200-57.5-266,65.5-395.1,19.5C242,1.8,242,5.4,184.8,20.6C128,35.8,132.3,44.9,89.9,52.5C28.6,63.7,0,0,0,0 h1000c0,0-9.9,40.9-83.6,48.1S829.6,47,766.1,28.9z\"\/>\n<\/svg>\t\t<\/div>\n\t\t\t\t<div class=\"elementor-element elementor-element-47e84f0 elementor-widget elementor-widget-image\" data-id=\"47e84f0\" data-element_type=\"widget\" data-e-type=\"widget\" data-widget_type=\"image.default\">\n\t\t\t\t<div class=\"elementor-widget-container\">\n\t\t\t\t\t\t\t\t\t\t\t\t\t\t\t<img decoding=\"async\" src=\"https:\/\/online.olinda.pe.gov.br\/site\/wp-content\/uploads\/elementor\/thumbs\/logo-Clorida-r5p72fojgjr69bf4zvwlp29uzlmbhxzu8wrd8uvaf6.png\" title=\"logo &#8211; Clorida\" alt=\"logo - Clorida\" loading=\"lazy\" \/>\t\t\t\t\t\t\t\t\t\t\t\t\t\t\t<\/div>\n\t\t\t\t<\/div>\n\t\t\t\t<div class=\"elementor-element elementor-element-5b86930 elementor-widget elementor-widget-text-editor\" data-id=\"5b86930\" data-element_type=\"widget\" data-e-type=\"widget\" data-widget_type=\"text-editor.default\">\n\t\t\t\t<div class=\"elementor-widget-container\">\n\t\t\t\t\t\t\t\t\t<h3 data-section-id=\"1br0rqq\" data-start=\"241\" data-end=\"298\">\ud83d\udce2 <strong data-start=\"248\" data-end=\"298\">Participe da constru\u00e7\u00e3o da PPA 2026 de Olinda!<\/strong><\/h3><p data-start=\"189\" data-end=\"396\">A Prefeitura de Olinda convida voc\u00ea a colaborar na defini\u00e7\u00e3o das prioridades que v\u00e3o orientar o desenvolvimento da cidade pelos pr\u00f3ximos quatro anos.<\/p><p data-start=\"398\" data-end=\"565\">O <strong data-start=\"400\" data-end=\"436\">Plano Plurianual (PPA 2026\u20132029)<\/strong> estabelece metas e programas de governo, garantindo que as a\u00e7\u00f5es da Prefeitura estejam alinhadas \u00e0s necessidades da popula\u00e7\u00e3o.<\/p><p data-start=\"567\" data-end=\"596\">\ud83d\udde3\ufe0f <strong data-start=\"571\" data-end=\"594\">Por que participar?<\/strong><\/p><ul data-start=\"597\" data-end=\"803\"><li data-start=\"597\" data-end=\"667\"><p data-start=\"599\" data-end=\"667\">Voc\u00ea ajuda a decidir onde a cidade deve investir nos pr\u00f3ximos anos<\/p><\/li><li data-start=\"668\" data-end=\"740\"><p data-start=\"670\" data-end=\"740\">Contribui para um planejamento mais justo, participativo e eficiente<\/p><\/li><li data-start=\"741\" data-end=\"803\"><p data-start=\"743\" data-end=\"803\">Fortalece a democracia e a transpar\u00eancia na gest\u00e3o p\u00fablica<\/p><\/li><\/ul><p data-start=\"805\" data-end=\"974\">\ud83d\udccd <strong data-start=\"808\" data-end=\"829\">Audi\u00eancia P\u00fablica<\/strong><br data-start=\"829\" data-end=\"832\" \/>Esse \u00e9 o momento de opinar sobre as \u00e1reas que considera mais importantes: sa\u00fade, educa\u00e7\u00e3o, cultura, infraestrutura, seguran\u00e7a, entre outras.<\/p><p data-start=\"976\" data-end=\"1049\">\ud83d\udc49 <strong data-start=\"979\" data-end=\"1047\">Sua voz importa. Sua participa\u00e7\u00e3o transforma o futuro de Olinda!<\/strong><\/p>\t\t\t\t\t\t\t\t<\/div>\n\t\t\t\t<\/div>\n\t\t\t\t<div class=\"elementor-element elementor-element-cd5847a elementor-widget elementor-widget-heading\" data-id=\"cd5847a\" data-element_type=\"widget\" data-e-type=\"widget\" data-widget_type=\"heading.default\">\n\t\t\t\t<div class=\"elementor-widget-container\">\n\t\t\t\t\t<p class=\"elementor-heading-title elementor-size-default\">Preencha o formul\u00e1rio abaixo:<\/p>\t\t\t\t<\/div>\n\t\t\t\t<\/div>\n\t\t\t\t<div class=\"elementor-element elementor-element-413397a elementor-widget elementor-widget-shortcode\" data-id=\"413397a\" data-element_type=\"widget\" data-e-type=\"widget\" data-widget_type=\"shortcode.default\">\n\t\t\t\t<div class=\"elementor-widget-container\">\n\t\t\t\t\t\t\t<div class=\"elementor-shortcode\">\n\n<\/div>\n\t\t\t\t\t\t<\/div>\n\t\t\t\t<\/div>\n\t\t\t\t\t<\/div>\n\t\t\t\t<\/div>\n\t\t<div class=\"elementor-element elementor-element-cd34190 e-flex e-con-boxed e-con e-parent\" data-id=\"cd34190\" data-element_type=\"container\" data-e-type=\"container\" data-settings=\"{&quot;background_background&quot;:&quot;classic&quot;,&quot;jet_parallax_layout_list&quot;:[]}\">\n\t\t\t\t\t<div class=\"e-con-inner\">\n\t\t\t\t<div class=\"elementor-element elementor-element-997668b elementor-widget__width-auto elementor-widget elementor-widget-image\" data-id=\"997668b\" data-element_type=\"widget\" data-e-type=\"widget\" data-widget_type=\"image.default\">\n\t\t\t\t<div class=\"elementor-widget-container\">\n\t\t\t\t\t\t\t\t\t\t\t\t\t\t\t\t<a href=\"https:\/\/www.olinda.pe.gov.br\/\" target=\"_blank\">\n\t\t\t\t\t\t\t<img decoding=\"async\" src=\"https:\/\/online.olinda.pe.gov.br\/site\/wp-content\/uploads\/elementor\/thumbs\/logo-Monobranca-r9hlj5lc33r9jfde43gc9kni0po3f8bhsfp8jw9j0i.png\" title=\"logo &#8211; Monobranca\" alt=\"logo - Monobranca\" loading=\"lazy\" \/>\t\t\t\t\t\t\t\t<\/a>\n\t\t\t\t\t\t\t\t\t\t\t\t\t\t\t<\/div>\n\t\t\t\t<\/div>\n\t\t\t\t<div class=\"elementor-element elementor-element-6c00027 elementor-widget elementor-widget-heading\" data-id=\"6c00027\" data-element_type=\"widget\" data-e-type=\"widget\" data-widget_type=\"heading.default\">\n\t\t\t\t<div class=\"elementor-widget-container\">\n\t\t\t\t\t<p class=\"elementor-heading-title elementor-size-default\">Desenvolvido pela Secretaria de Comunica\u00e7\u00e3o de Olinda <\/p>\t\t\t\t<\/div>\n\t\t\t\t<\/div>\n\t\t\t\t\t<\/div>\n\t\t\t\t<\/div>\n\t\t\t\t<\/div>\n\t\t","protected":false},"excerpt":{"rendered":"<p>\ud83d\udce2 Participe da constru\u00e7\u00e3o da PPA 2026 de Olinda! A Prefeitura de Olinda convida voc\u00ea a colaborar na defini\u00e7\u00e3o das prioridades que v\u00e3o orientar o desenvolvimento da cidade pelos pr\u00f3ximos quatro anos. O Plano Plurianual (PPA 2026\u20132029) estabelece metas e programas de governo, garantindo que as a\u00e7\u00f5es da Prefeitura estejam alinhadas \u00e0s necessidades da popula\u00e7\u00e3o. [&hellip;]<\/p>\n","protected":false},"author":1,"featured_media":0,"parent":0,"menu_order":0,"comment_status":"closed","ping_status":"closed","template":"elementor_canvas","meta":{"footnotes":""},"class_list":["post-4460","page","type-page","status-publish","hentry"],"_links":{"self":[{"href":"https:\/\/online.olinda.pe.gov.br\/site\/wp-json\/wp\/v2\/pages\/4460","targetHints":{"allow":["GET"]}}],"collection":[{"href":"https:\/\/online.olinda.pe.gov.br\/site\/wp-json\/wp\/v2\/pages"}],"about":[{"href":"https:\/\/online.olinda.pe.gov.br\/site\/wp-json\/wp\/v2\/types\/page"}],"author":[{"embeddable":true,"href":"https:\/\/online.olinda.pe.gov.br\/site\/wp-json\/wp\/v2\/users\/1"}],"replies":[{"embeddable":true,"href":"https:\/\/online.olinda.pe.gov.br\/site\/wp-json\/wp\/v2\/comments?post=4460"}],"version-history":[{"count":10,"href":"https:\/\/online.olinda.pe.gov.br\/site\/wp-json\/wp\/v2\/pages\/4460\/revisions"}],"predecessor-version":[{"id":4472,"href":"https:\/\/online.olinda.pe.gov.br\/site\/wp-json\/wp\/v2\/pages\/4460\/revisions\/4472"}],"wp:attachment":[{"href":"https:\/\/online.olinda.pe.gov.br\/site\/wp-json\/wp\/v2\/media?parent=4460"}],"curies":[{"name":"wp","href":"https:\/\/api.w.org\/{rel}","templated":true}]}}